{"id":865,"date":"2023-07-21T12:49:19","date_gmt":"2023-07-21T12:49:19","guid":{"rendered":"https:\/\/estagar.ee\/?page_id=865"},"modified":"2025-02-26T09:46:06","modified_gmt":"2025-02-26T07:46:06","slug":"project","status":"publish","type":"page","link":"https:\/\/estagar.ee\/ee\/project\/","title":{"rendered":"Project"},"content":{"rendered":"\t\t<div data-elementor-type=\"wp-page\" data-elementor-id=\"865\" class=\"elementor elementor-865\" data-elementor-post-type=\"page\">\n\t\t\t\t<div class=\"elementor-element elementor-element-b066af7 e-flex e-con-boxed e-con e-parent\" data-id=\"b066af7\" data-element_type=\"container\" data-e-type=\"container\" data-settings=\"{&quot;background_background&quot;:&quot;classic&quot;,&quot;shape_divider_bottom&quot;:&quot;waves&quot;}\">\n\t\t\t\t\t<div class=\"e-con-inner\">\n\t\t\t\t<div class=\"elementor-shape elementor-shape-bottom\" aria-hidden=\"true\" data-negative=\"false\">\n\t\t\t<svg xmlns=\"http:\/\/www.w3.org\/2000\/svg\" viewBox=\"0 0 1000 100\" preserveAspectRatio=\"none\">\n\t<path class=\"elementor-shape-fill\" d=\"M421.9,6.5c22.6-2.5,51.5,0.4,75.5,5.3c23.6,4.9,70.9,23.5,100.5,35.7c75.8,32.2,133.7,44.5,192.6,49.7\n\tc23.6,2.1,48.7,3.5,103.4-2.5c54.7-6,106.2-25.6,106.2-25.6V0H0v30.3c0,0,72,32.6,158.4,30.5c39.2-0.7,92.8-6.7,134-22.4\n\tc21.2-8.1,52.2-18.2,79.7-24.2C399.3,7.9,411.6,7.5,421.9,6.5z\"\/>\n<\/svg>\t\t<\/div>\n\t\t\t\t<div class=\"elementor-element elementor-element-71b3e72 elementor-widget elementor-widget-heading\" data-id=\"71b3e72\" data-element_type=\"widget\" data-e-type=\"widget\" data-widget_type=\"heading.default\">\n\t\t\t\t<div class=\"elementor-widget-container\">\n\t\t\t\t\t<h2 class=\"elementor-heading-title elementor-size-default\">Projects<\/h2>\t\t\t\t<\/div>\n\t\t\t\t<\/div>\n\t\t\t\t\t<\/div>\n\t\t\t\t<\/div>\n\t\t<div class=\"elementor-element elementor-element-79205fe e-flex e-con-boxed e-con e-parent\" data-id=\"79205fe\" data-element_type=\"container\" data-e-type=\"container\">\n\t\t\t\t\t<div class=\"e-con-inner\">\n\t\t<div class=\"elementor-element elementor-element-fcd2996 e-con-full e-flex e-con e-parent\" data-id=\"fcd2996\" data-element_type=\"container\" data-e-type=\"container\">\n\t\t<div class=\"elementor-element elementor-element-7e7e722 e-con-full e-flex e-con e-parent\" data-id=\"7e7e722\" data-element_type=\"container\" data-e-type=\"container\">\n\t\t\t\t<div class=\"elementor-element elementor-element-a7aba9d elementor-widget elementor-widget-image\" data-id=\"a7aba9d\" data-element_type=\"widget\" data-e-type=\"widget\" data-widget_type=\"image.default\">\n\t\t\t\t<div class=\"elementor-widget-container\">\n\t\t\t\t\t\t\t\t\t\t\t\t\t\t\t<img fetchpriority=\"high\" decoding=\"async\" width=\"800\" height=\"441\" src=\"https:\/\/estagar.ee\/wp-content\/uploads\/2023\/06\/Project-Flags-Estagar-1024x565.png\" class=\"attachment-large size-large wp-image-778\" alt=\"\" srcset=\"https:\/\/estagar.ee\/wp-content\/uploads\/2023\/06\/Project-Flags-Estagar-1024x565.png 1024w, https:\/\/estagar.ee\/wp-content\/uploads\/2023\/06\/Project-Flags-Estagar-600x331.png 600w, https:\/\/estagar.ee\/wp-content\/uploads\/2023\/06\/Project-Flags-Estagar-768x424.png 768w, https:\/\/estagar.ee\/wp-content\/uploads\/2023\/06\/Project-Flags-Estagar-1536x847.png 1536w, https:\/\/estagar.ee\/wp-content\/uploads\/2023\/06\/Project-Flags-Estagar.png 1541w\" sizes=\"(max-width: 800px) 100vw, 800px\" \/>\t\t\t\t\t\t\t\t\t\t\t\t\t\t\t<\/div>\n\t\t\t\t<\/div>\n\t\t\t\t<\/div>\n\t\t<div class=\"elementor-element elementor-element-a2b21d7 e-con-full e-flex e-con e-parent\" data-id=\"a2b21d7\" data-element_type=\"container\" data-e-type=\"container\">\n\t\t\t\t<div class=\"elementor-element elementor-element-9e28f58 elementor-widget elementor-widget-text-editor\" data-id=\"9e28f58\" data-element_type=\"widget\" data-e-type=\"widget\" data-widget_type=\"text-editor.default\">\n\t\t\t\t<div class=\"elementor-widget-container\">\n\t\t\t\t\t\t\t\t\t<p><strong>L\u00e4\u00e4nemere punavetikast (Furcellaria lumbricalis) f\u00fckoer\u00fctriini eraldamise tehnoloogilise lahenduse v\u00e4ljat\u00f6\u00f6tamine.<\/strong><\/p><p>Projekti periood:\u00a017.09.2018 \u2013 31.12.2019<\/p><p>Projekti kogueelarve on\u00a0136 982,42 eurot, millest toetus Euroopa Regionaalarengu Fondist on\u00a0116 435,06 eurot<\/p><p>Projekti partnerid on Eesti Maa\u00fclikool, Est-Agar AS, Tallinna \u00dclikool ja Vetik O\u00dc<\/p><p>Projekti eesm\u00e4rk on efektiivse tehnoloogilise lahenduse v\u00e4ljat\u00f6\u00f6tamine\u00a0f\u00fckobiliproteiinide (eelk\u00f5ige R-f\u00fckoer\u00fctriini) eraldamiseks punavetikast mis on\u00a0rakendatav ka t\u00f6\u00f6stuslikes mahtudes.<\/p><p>Eesti rannikumeres kasvav punavetikas (Furcellaria lumbricalis) on unikaalne\u00a0taastuv loodusvara, millel on palju kasutamisv\u00f5imalusi. Peale toiduainete- ja\u00a0kosmeetikat\u00f6\u00f6stuses kasutatava furtsellaraani sisaldab punavetikas v\u00e4rvipigmente.\u00a0<\/p><p>Projekti k\u00e4igus selgitatakse v\u00e4lja efektiivsed ekstraktsiooniv\u00f5imalused punavetikast\u00a0R-f\u00fckoer\u00fctriini t\u00f6\u00f6stuslikus mahus eraldamiseks ning saadud v\u00e4rvipigmendi\u00a0kasutusv\u00f5imalusi kosmeetika- ja toidut\u00f6\u00f6suses.<\/p><div class=\"elementor elementor-602 elementor-location-footer\" data-elementor-type=\"footer\" data-elementor-id=\"602\" data-elementor-post-type=\"elementor_library\"><div class=\"elementor-section-wrap\"><div class=\"elementor-element elementor-element-cbe766b e-con-full e-flex e-con\" data-id=\"cbe766b\" data-element_type=\"container\" data-settings=\"{&quot;content_width&quot;:&quot;full&quot;,&quot;background_background&quot;:&quot;classic&quot;}\"><div class=\"elementor-element elementor-element-7c64343 e-con-full e-flex e-con\" data-id=\"7c64343\" data-element_type=\"container\" data-settings=\"{&quot;content_width&quot;:&quot;full&quot;}\"><div class=\"elementor-element elementor-element-829062c algae_footer elementor-widget elementor-widget-image elementor-motion-effects-parent\" data-id=\"829062c\" data-element_type=\"widget\" data-settings=\"{&quot;motion_fx_motion_fx_scrolling&quot;:&quot;yes&quot;,&quot;motion_fx_translateY_effect&quot;:&quot;yes&quot;,&quot;motion_fx_translateY_speed&quot;:{&quot;unit&quot;:&quot;px&quot;,&quot;size&quot;:6,&quot;sizes&quot;:[]},&quot;motion_fx_translateY_affectedRange&quot;:{&quot;unit&quot;:&quot;%&quot;,&quot;size&quot;:&quot;&quot;,&quot;sizes&quot;:{&quot;start&quot;:25,&quot;end&quot;:100}},&quot;motion_fx_range&quot;:&quot;viewport&quot;,&quot;motion_fx_devices&quot;:[&quot;desktop&quot;,&quot;tablet&quot;,&quot;mobile&quot;]}\" data-widget_type=\"image.default\"><div class=\"elementor-widget-container elementor-motion-effects-element\">\u00a0<\/div><\/div><\/div><\/div><\/div><\/div>\t\t\t\t\t\t\t\t<\/div>\n\t\t\t\t<\/div>\n\t\t\t\t<\/div>\n\t\t\t\t<\/div>\n\t\t<div class=\"elementor-element elementor-element-4c4f35e e-con-full elementor-hidden-desktop elementor-hidden-tablet elementor-hidden-mobile e-flex e-con e-parent\" data-id=\"4c4f35e\" data-element_type=\"container\" data-e-type=\"container\">\n\t\t<div class=\"elementor-element elementor-element-3a9f517 e-con-full e-flex e-con e-parent\" data-id=\"3a9f517\" data-element_type=\"container\" data-e-type=\"container\">\n\t\t\t\t<div class=\"elementor-element elementor-element-b9e35c6 elementor-widget elementor-widget-image\" data-id=\"b9e35c6\" data-element_type=\"widget\" data-e-type=\"widget\" data-widget_type=\"image.default\">\n\t\t\t\t<div class=\"elementor-widget-container\">\n\t\t\t\t\t\t\t\t\t\t\t\t\t\t\t<img fetchpriority=\"high\" decoding=\"async\" width=\"800\" height=\"441\" src=\"https:\/\/estagar.ee\/wp-content\/uploads\/2023\/06\/Project-Flags-Estagar-1024x565.png\" class=\"attachment-large size-large wp-image-778\" alt=\"\" srcset=\"https:\/\/estagar.ee\/wp-content\/uploads\/2023\/06\/Project-Flags-Estagar-1024x565.png 1024w, https:\/\/estagar.ee\/wp-content\/uploads\/2023\/06\/Project-Flags-Estagar-600x331.png 600w, https:\/\/estagar.ee\/wp-content\/uploads\/2023\/06\/Project-Flags-Estagar-768x424.png 768w, https:\/\/estagar.ee\/wp-content\/uploads\/2023\/06\/Project-Flags-Estagar-1536x847.png 1536w, https:\/\/estagar.ee\/wp-content\/uploads\/2023\/06\/Project-Flags-Estagar.png 1541w\" sizes=\"(max-width: 800px) 100vw, 800px\" \/>\t\t\t\t\t\t\t\t\t\t\t\t\t\t\t<\/div>\n\t\t\t\t<\/div>\n\t\t\t\t<\/div>\n\t\t<div class=\"elementor-element elementor-element-070dfcb e-con-full e-flex e-con e-parent\" data-id=\"070dfcb\" data-element_type=\"container\" data-e-type=\"container\">\n\t\t\t\t<div class=\"elementor-element elementor-element-3f25467 elementor-widget elementor-widget-text-editor\" data-id=\"3f25467\" data-element_type=\"widget\" data-e-type=\"widget\" data-widget_type=\"text-editor.default\">\n\t\t\t\t<div class=\"elementor-widget-container\">\n\t\t\t\t\t\t\t\t\t<p><strong>L\u00e4\u00e4nemere punavetikast (Furcellaria lumbricalis) f\u00fckoer\u00fctriini eraldamise tehnoloogilise lahenduse v\u00e4ljat\u00f6\u00f6tamine.<\/strong><\/p><p>Projekti periood:\u00a017.09.2018 \u2013 31.12.2019<\/p><p>Projekti kogueelarve on\u00a0136 982,42 eurot, millest toetus Euroopa Regionaalarengu Fondist on\u00a0116 435,06 eurot<\/p><p>Projekti partnerid on Eesti Maa\u00fclikool, Est-Agar AS, Tallinna \u00dclikool ja Vetik O\u00dc<\/p><p>Projekti eesm\u00e4rk on efektiivse tehnoloogilise lahenduse v\u00e4ljat\u00f6\u00f6tamine\u00a0f\u00fckobiliproteiinide (eelk\u00f5ige R-f\u00fckoer\u00fctriini) eraldamiseks punavetikast mis on\u00a0rakendatav ka t\u00f6\u00f6stuslikes mahtudes.<\/p><p>Eesti rannikumeres kasvav punavetikas (Furcellaria lumbricalis) on unikaalne\u00a0taastuv loodusvara, millel on palju kasutamisv\u00f5imalusi. Peale toiduainete- ja\u00a0kosmeetikat\u00f6\u00f6stuses kasutatava furtsellaraani sisaldab punavetikas v\u00e4rvipigmente.\u00a0<\/p><p>Projekti k\u00e4igus selgitatakse v\u00e4lja efektiivsed ekstraktsiooniv\u00f5imalused punavetikast\u00a0R-f\u00fckoer\u00fctriini t\u00f6\u00f6stuslikus mahus eraldamiseks ning saadud v\u00e4rvipigmendi\u00a0kasutusv\u00f5imalusi kosmeetika- ja toidut\u00f6\u00f6suses.<\/p><div class=\"elementor elementor-602 elementor-location-footer\" data-elementor-type=\"footer\" data-elementor-id=\"602\" data-elementor-post-type=\"elementor_library\"><div class=\"elementor-section-wrap\"><div class=\"elementor-element elementor-element-cbe766b e-con-full e-flex e-con\" data-id=\"cbe766b\" data-element_type=\"container\" data-settings=\"{&quot;content_width&quot;:&quot;full&quot;,&quot;background_background&quot;:&quot;classic&quot;}\"><div class=\"elementor-element elementor-element-7c64343 e-con-full e-flex e-con\" data-id=\"7c64343\" data-element_type=\"container\" data-settings=\"{&quot;content_width&quot;:&quot;full&quot;}\"><div class=\"elementor-element elementor-element-829062c algae_footer elementor-widget elementor-widget-image elementor-motion-effects-parent\" data-id=\"829062c\" data-element_type=\"widget\" data-settings=\"{&quot;motion_fx_motion_fx_scrolling&quot;:&quot;yes&quot;,&quot;motion_fx_translateY_effect&quot;:&quot;yes&quot;,&quot;motion_fx_translateY_speed&quot;:{&quot;unit&quot;:&quot;px&quot;,&quot;size&quot;:6,&quot;sizes&quot;:[]},&quot;motion_fx_translateY_affectedRange&quot;:{&quot;unit&quot;:&quot;%&quot;,&quot;size&quot;:&quot;&quot;,&quot;sizes&quot;:{&quot;start&quot;:25,&quot;end&quot;:100}},&quot;motion_fx_range&quot;:&quot;viewport&quot;,&quot;motion_fx_devices&quot;:[&quot;desktop&quot;,&quot;tablet&quot;,&quot;mobile&quot;]}\" data-widget_type=\"image.default\"><div class=\"elementor-widget-container elementor-motion-effects-element\">\u00a0<\/div><\/div><\/div><\/div><\/div><\/div>\t\t\t\t\t\t\t\t<\/div>\n\t\t\t\t<\/div>\n\t\t\t\t<\/div>\n\t\t\t\t<\/div>\n\t\t\t\t\t<\/div>\n\t\t\t\t<\/div>\n\t\t\t\t<\/div>\n\t\t","protected":false},"excerpt":{"rendered":"<p>Projects L\u00e4\u00e4nemere punavetikast (Furcellaria lumbricalis) f\u00fckoer\u00fctriini eraldamise tehnoloogilise lahenduse v\u00e4ljat\u00f6\u00f6tamine. Projekti periood:\u00a017.09.2018 \u2013 31.12.2019 Projekti kogueelarve on\u00a0136 982,42 eurot, millest toetus Euroopa Regionaalarengu Fondist on\u00a0116 435,06 eurot Projekti partnerid on Eesti Maa\u00fclikool, Est-Agar AS, Tallinna \u00dclikool ja Vetik O\u00dc Projekti eesm\u00e4rk on efektiivse tehnoloogilise lahenduse v\u00e4ljat\u00f6\u00f6tamine\u00a0f\u00fckobiliproteiinide (eelk\u00f5ige R-f\u00fckoer\u00fctriini) eraldamiseks punavetikast mis on\u00a0rakendatav ka t\u00f6\u00f6stuslikes mahtudes. [&hellip;]<\/p>\n","protected":false},"author":6,"featured_media":0,"parent":0,"menu_order":0,"comment_status":"closed","ping_status":"closed","template":"elementor_header_footer","meta":{"_acf_changed":false,"_uf_show_specific_survey":0,"_uf_disable_surveys":false,"footnotes":""},"class_list":["post-865","page","type-page","status-publish","hentry"],"translation":{"provider":"WPGlobus","version":"3.0.2","language":"ee","enabled_languages":["en","ee","ru"],"languages":{"en":{"title":true,"content":true,"excerpt":false},"ee":{"title":false,"content":false,"excerpt":false},"ru":{"title":false,"content":false,"excerpt":false}}},"acf":[],"yoast_head":"<!-- This site is optimized with the Yoast SEO plugin v27.3 - https:\/\/yoast.com\/product\/yoast-seo-wordpress\/ -->\n<title>Project - ESTAGAR<\/title>\n<meta name=\"robots\" content=\"index, follow, max-snippet:-1, max-image-preview:large, max-video-preview:-1\" \/>\n<link rel=\"canonical\" href=\"https:\/\/estagar.ee\/project\/\" \/>\n<meta property=\"og:locale\" content=\"en_US\" \/>\n<meta property=\"og:type\" content=\"article\" \/>\n<meta property=\"og:title\" content=\"Project - ESTAGAR\" \/>\n<meta property=\"og:url\" content=\"https:\/\/estagar.ee\/project\/\" \/>\n<meta property=\"og:site_name\" content=\"ESTAGAR\" \/>\n<meta property=\"article:modified_time\" content=\"2025-02-26T07:46:06+00:00\" \/>\n<meta property=\"og:image\" content=\"https:\/\/estagar.ee\/wp-content\/uploads\/2023\/06\/Project-Flags-Estagar-1024x565.png\" \/>\n<meta name=\"twitter:card\" content=\"summary_large_image\" \/>\n<meta name=\"twitter:label1\" content=\"Est. reading time\" \/>\n\t<meta name=\"twitter:data1\" content=\"2 minutes\" \/>\n<script type=\"application\/ld+json\" class=\"yoast-schema-graph\">{\"@context\":\"https:\\\/\\\/schema.org\",\"@graph\":[{\"@type\":\"WebPage\",\"@id\":\"https:\\\/\\\/estagar.ee\\\/project\\\/\",\"url\":\"https:\\\/\\\/estagar.ee\\\/project\\\/\",\"name\":\"Project - ESTAGAR\",\"isPartOf\":{\"@id\":\"https:\\\/\\\/estagar.ee\\\/#website\"},\"primaryImageOfPage\":{\"@id\":\"https:\\\/\\\/estagar.ee\\\/project\\\/#primaryimage\"},\"image\":{\"@id\":\"https:\\\/\\\/estagar.ee\\\/project\\\/#primaryimage\"},\"thumbnailUrl\":\"https:\\\/\\\/estagar.ee\\\/wp-content\\\/uploads\\\/2023\\\/06\\\/Project-Flags-Estagar-1024x565.png\",\"datePublished\":\"2023-07-21T12:49:19+00:00\",\"dateModified\":\"2025-02-26T07:46:06+00:00\",\"description\":\"Our projects\",\"breadcrumb\":{\"@id\":\"https:\\\/\\\/estagar.ee\\\/project\\\/#breadcrumb\"},\"inLanguage\":\"EE\",\"potentialAction\":[{\"@type\":\"ReadAction\",\"target\":[\"https:\\\/\\\/estagar.ee\\\/project\\\/\"]}]},{\"@type\":\"ImageObject\",\"inLanguage\":\"EE\",\"@id\":\"https:\\\/\\\/estagar.ee\\\/project\\\/#primaryimage\",\"url\":\"https:\\\/\\\/estagar.ee\\\/wp-content\\\/uploads\\\/2023\\\/06\\\/Project-Flags-Estagar-1024x565.png\",\"contentUrl\":\"https:\\\/\\\/estagar.ee\\\/wp-content\\\/uploads\\\/2023\\\/06\\\/Project-Flags-Estagar-1024x565.png\"},{\"@type\":\"BreadcrumbList\",\"@id\":\"https:\\\/\\\/estagar.ee\\\/project\\\/#breadcrumb\",\"itemListElement\":[{\"@type\":\"ListItem\",\"position\":1,\"name\":\"Home\",\"item\":\"https:\\\/\\\/estagar.ee\\\/\"},{\"@type\":\"ListItem\",\"position\":2,\"name\":\"Project\"}]},{\"@type\":\"WebSite\",\"@id\":\"https:\\\/\\\/estagar.ee\\\/#website\",\"url\":\"https:\\\/\\\/estagar.ee\\\/\",\"name\":\"ESTAGAR\",\"description\":\"The heart of Marmalade\",\"potentialAction\":[{\"@type\":\"SearchAction\",\"target\":{\"@type\":\"EntryPoint\",\"urlTemplate\":\"https:\\\/\\\/estagar.ee\\\/?s={search_term_string}\"},\"query-input\":{\"@type\":\"PropertyValueSpecification\",\"valueRequired\":true,\"valueName\":\"search_term_string\"}}],\"inLanguage\":\"EE\"}]}<\/script>\n<!-- \/ Yoast SEO plugin. -->","yoast_head_json":{"title":"Project - ESTAGAR","robots":{"index":"index","follow":"follow","max-snippet":"max-snippet:-1","max-image-preview":"max-image-preview:large","max-video-preview":"max-video-preview:-1"},"canonical":"https:\/\/estagar.ee\/project\/","og_locale":"en_US","og_type":"article","og_title":"Project - ESTAGAR","og_url":"https:\/\/estagar.ee\/project\/","og_site_name":"ESTAGAR","article_modified_time":"2025-02-26T07:46:06+00:00","og_image":[{"url":"https:\/\/estagar.ee\/wp-content\/uploads\/2023\/06\/Project-Flags-Estagar-1024x565.png","type":"","width":"","height":""}],"twitter_card":"summary_large_image","twitter_misc":{"Est. reading time":"2 minutes"},"schema":{"@context":"https:\/\/schema.org","@graph":[{"@type":"WebPage","@id":"https:\/\/estagar.ee\/project\/","url":"https:\/\/estagar.ee\/project\/","name":"Project - ESTAGAR","isPartOf":{"@id":"https:\/\/estagar.ee\/#website"},"primaryImageOfPage":{"@id":"https:\/\/estagar.ee\/project\/#primaryimage"},"image":{"@id":"https:\/\/estagar.ee\/project\/#primaryimage"},"thumbnailUrl":"https:\/\/estagar.ee\/wp-content\/uploads\/2023\/06\/Project-Flags-Estagar-1024x565.png","datePublished":"2023-07-21T12:49:19+00:00","dateModified":"2025-02-26T07:46:06+00:00","description":"Our projects","breadcrumb":{"@id":"https:\/\/estagar.ee\/project\/#breadcrumb"},"inLanguage":"EE","potentialAction":[{"@type":"ReadAction","target":["https:\/\/estagar.ee\/project\/"]}]},{"@type":"ImageObject","inLanguage":"EE","@id":"https:\/\/estagar.ee\/project\/#primaryimage","url":"https:\/\/estagar.ee\/wp-content\/uploads\/2023\/06\/Project-Flags-Estagar-1024x565.png","contentUrl":"https:\/\/estagar.ee\/wp-content\/uploads\/2023\/06\/Project-Flags-Estagar-1024x565.png"},{"@type":"BreadcrumbList","@id":"https:\/\/estagar.ee\/project\/#breadcrumb","itemListElement":[{"@type":"ListItem","position":1,"name":"Home","item":"https:\/\/estagar.ee\/"},{"@type":"ListItem","position":2,"name":"Project"}]},{"@type":"WebSite","@id":"https:\/\/estagar.ee\/#website","url":"https:\/\/estagar.ee\/","name":"ESTAGAR","description":"The heart of Marmalade","potentialAction":[{"@type":"SearchAction","target":{"@type":"EntryPoint","urlTemplate":"https:\/\/estagar.ee\/?s={search_term_string}"},"query-input":{"@type":"PropertyValueSpecification","valueRequired":true,"valueName":"search_term_string"}}],"inLanguage":"EE"}]}},"_links":{"self":[{"href":"https:\/\/estagar.ee\/ee\/wp-json\/wp\/v2\/pages\/865","targetHints":{"allow":["GET"]}}],"collection":[{"href":"https:\/\/estagar.ee\/ee\/wp-json\/wp\/v2\/pages"}],"about":[{"href":"https:\/\/estagar.ee\/ee\/wp-json\/wp\/v2\/types\/page"}],"author":[{"embeddable":true,"href":"https:\/\/estagar.ee\/ee\/wp-json\/wp\/v2\/users\/6"}],"replies":[{"embeddable":true,"href":"https:\/\/estagar.ee\/ee\/wp-json\/wp\/v2\/comments?post=865"}],"version-history":[{"count":13,"href":"https:\/\/estagar.ee\/ee\/wp-json\/wp\/v2\/pages\/865\/revisions"}],"predecessor-version":[{"id":1708,"href":"https:\/\/estagar.ee\/ee\/wp-json\/wp\/v2\/pages\/865\/revisions\/1708"}],"wp:attachment":[{"href":"https:\/\/estagar.ee\/ee\/wp-json\/wp\/v2\/media?parent=865"}],"curies":[{"name":"wp","href":"https:\/\/api.w.org\/{rel}","templated":true}]}}